{"id":3811,"date":"2018-10-25T12:36:29","date_gmt":"2018-10-25T12:36:29","guid":{"rendered":"http:\/\/quanticalabs.com\/wptest\/medicenter-new\/?page_id=3811"},"modified":"2020-07-20T17:25:07","modified_gmt":"2020-07-20T20:25:07","slug":"institucional","status":"publish","type":"page","link":"https:\/\/yrigoyencdi.com.ar\/en\/institucional\/","title":{"rendered":"About"},"content":{"rendered":"<p>[vc_row top_margin=&#8221;page-margin-top-section&#8221;][vc_column width=&#8221;1\/2&#8243; el_class=&#8221;padding-right-30&#8243;][vc_single_image image=&#8221;3218&#8243; img_size=&#8221;full&#8221;][\/vc_column][vc_column width=&#8221;1\/2&#8243;]<h3 class=\"box-header\">Centro Diagnostico Yrigoyen<\/h3><h2 class=\"box-header large margin-top-30 no-border\">\u00bfQuienes Somos?<\/h2>[vc_column_text el_class=&#8221;large margin-top-10&#8243;]Somos un equipo de Profesionales con mas de 45 a\u00f1os de experiencia dedicados con pasi\u00f3n a brindar servicios m\u00e9dicos integrales para la salud.\u00a0 Valorando en todo momento el trato personalizado y la profesionalidad aplicada a los servicios ofrecidos. Nuestra consigna es \u2026\u201cUn paciente, un compromiso permanente con su salud\u201d.[\/vc_column_text][\/vc_column][\/vc_row]<\/p>\n","protected":false},"excerpt":{"rendered":"<p>[vc_row top_margin=&#8221;page-margin-top-section&#8221;][vc_column width=&#8221;1\/2&#8243; el_class=&#8221;padding-right-30&#8243;][vc_single_image image=&#8221;3218&#8243; img_size=&#8221;full&#8221;][\/vc_column][vc_column width=&#8221;1\/2&#8243;][vc_column_text el_class=&#8221;large margin-top-10&#8243;]Somos un equipo de Profesionales con mas de 45 a\u00f1os de experiencia dedicados con pasi\u00f3n a brindar servicios m\u00e9dicos integrales para la salud.\u00a0 Valorando en todo momento el trato personalizado y la profesionalidad aplicada a los servicios ofrecidos. Nuestra consigna es \u2026\u201cUn paciente, un compromiso permanente con<\/p>\n","protected":false},"author":1,"featured_media":0,"parent":0,"menu_order":0,"comment_status":"closed","ping_status":"closed","template":"template-default-without-breadcrumbs.php","meta":{"footnotes":""},"class_list":["post-3811","page","type-page","status-publish","hentry"],"_links":{"self":[{"href":"https:\/\/yrigoyencdi.com.ar\/en\/wp-json\/wp\/v2\/pages\/3811","targetHints":{"allow":["GET"]}}],"collection":[{"href":"https:\/\/yrigoyencdi.com.ar\/en\/wp-json\/wp\/v2\/pages"}],"about":[{"href":"https:\/\/yrigoyencdi.com.ar\/en\/wp-json\/wp\/v2\/types\/page"}],"author":[{"embeddable":true,"href":"https:\/\/yrigoyencdi.com.ar\/en\/wp-json\/wp\/v2\/users\/1"}],"replies":[{"embeddable":true,"href":"https:\/\/yrigoyencdi.com.ar\/en\/wp-json\/wp\/v2\/comments?post=3811"}],"version-history":[{"count":2,"href":"https:\/\/yrigoyencdi.com.ar\/en\/wp-json\/wp\/v2\/pages\/3811\/revisions"}],"predecessor-version":[{"id":4014,"href":"https:\/\/yrigoyencdi.com.ar\/en\/wp-json\/wp\/v2\/pages\/3811\/revisions\/4014"}],"wp:attachment":[{"href":"https:\/\/yrigoyencdi.com.ar\/en\/wp-json\/wp\/v2\/media?parent=3811"}],"curies":[{"name":"wp","href":"https:\/\/api.w.org\/{rel}","templated":true}]}}