{"id":4052,"date":"2020-07-20T18:04:21","date_gmt":"2020-07-20T21:04:21","guid":{"rendered":"http:\/\/yrigoyencdi.com.ar\/?page_id=4052"},"modified":"2020-07-20T18:36:34","modified_gmt":"2020-07-20T21:36:34","slug":"rx-odontologica","status":"publish","type":"page","link":"https:\/\/yrigoyencdi.com.ar\/en\/rx-odontologica\/","title":{"rendered":"RADIOLOG\u00cdA ODONTOL\u00d3GICA"},"content":{"rendered":"<p>[vc_row top_margin=&#8221;page-margin-top-section&#8221;][vc_column width=&#8221;1\/2&#8243; el_class=&#8221;padding-right-30&#8243;][vc_single_image image=&#8221;4010&#8243; img_size=&#8221;full&#8221;][\/vc_column][vc_column width=&#8221;1\/2&#8243;]<h2 class=\"box-header large margin-top-30 no-border\">Radiolog\u00eda Odont\u00f3logica<\/h2>[vc_column_text]<\/p>\n<ul>\n<li>Panor\u00e1mica<\/li>\n<li>Seriada<\/li>\n<li>Teleradiograf\u00eda<\/li>\n<li>ATM<\/li>\n<li>Bite Wing<\/li>\n<li>Trazado Cefalom\u00e9trico<\/li>\n<li>Periapical<\/li>\n<li>Oclusal<\/li>\n<\/ul>\n<p>[\/vc_column_text][\/vc_column][\/vc_row]<\/p>\n","protected":false},"excerpt":{"rendered":"<p>[vc_row top_margin=&#8221;page-margin-top-section&#8221;][vc_column width=&#8221;1\/2&#8243; el_class=&#8221;padding-right-30&#8243;][vc_single_image image=&#8221;4010&#8243; img_size=&#8221;full&#8221;][\/vc_column][vc_column width=&#8221;1\/2&#8243;][vc_column_text] Panor\u00e1mica Seriada Teleradiograf\u00eda ATM Bite Wing Trazado Cefalom\u00e9trico Periapical Oclusal [\/vc_column_text][\/vc_column][\/vc_row]<\/p>\n","protected":false},"author":1,"featured_media":0,"parent":0,"menu_order":0,"comment_status":"closed","ping_status":"closed","template":"template-default-without-breadcrumbs.php","meta":{"footnotes":""},"class_list":["post-4052","page","type-page","status-publish","hentry"],"_links":{"self":[{"href":"https:\/\/yrigoyencdi.com.ar\/en\/wp-json\/wp\/v2\/pages\/4052","targetHints":{"allow":["GET"]}}],"collection":[{"href":"https:\/\/yrigoyencdi.com.ar\/en\/wp-json\/wp\/v2\/pages"}],"about":[{"href":"https:\/\/yrigoyencdi.com.ar\/en\/wp-json\/wp\/v2\/types\/page"}],"author":[{"embeddable":true,"href":"https:\/\/yrigoyencdi.com.ar\/en\/wp-json\/wp\/v2\/users\/1"}],"replies":[{"embeddable":true,"href":"https:\/\/yrigoyencdi.com.ar\/en\/wp-json\/wp\/v2\/comments?post=4052"}],"version-history":[{"count":2,"href":"https:\/\/yrigoyencdi.com.ar\/en\/wp-json\/wp\/v2\/pages\/4052\/revisions"}],"predecessor-version":[{"id":4062,"href":"https:\/\/yrigoyencdi.com.ar\/en\/wp-json\/wp\/v2\/pages\/4052\/revisions\/4062"}],"wp:attachment":[{"href":"https:\/\/yrigoyencdi.com.ar\/en\/wp-json\/wp\/v2\/media?parent=4052"}],"curies":[{"name":"wp","href":"https:\/\/api.w.org\/{rel}","templated":true}]}}