{"id":4058,"date":"2020-07-20T18:08:53","date_gmt":"2020-07-20T21:08:53","guid":{"rendered":"http:\/\/yrigoyencdi.com.ar\/?page_id=4058"},"modified":"2020-07-20T18:44:41","modified_gmt":"2020-07-20T21:44:41","slug":"servicio-de-ecografia","status":"publish","type":"page","link":"https:\/\/yrigoyencdi.com.ar\/en\/servicio-de-ecografia\/","title":{"rendered":"ECOGRAF\u00cdA y DOPPLER"},"content":{"rendered":"<p>[vc_row][vc_column width=&#8221;1\/2&#8243;][vc_single_image image=&#8221;4009&#8243; img_size=&#8221;full&#8221; css_animation=&#8221;fadeIn&#8221; css=&#8221;.vc_custom_1595281380963{border-right-width: 0px !important;}&#8221;][\/vc_column][vc_column width=&#8221;1\/2&#8243;]<h2 class=\"box-header large margin-top-30 animation-slide\">Ecograf\u00eda y Doppler<\/h2>[vc_row_inner][vc_column_inner width=&#8221;1\/2&#8243;]<h3 class=\"box-header\">Ecograf\u00eda<\/h3>[vc_column_text css_animation=&#8221;fadeIn&#8221;]<\/p>\n<ul>\n<li>Convencionales<br \/>\n&#8211; Ginecol\u00f3gica<br \/>\n&#8211; Obst\u00e9trica<br \/>\n&#8211; Mamaria, etc<\/li>\n<li>Cadera<\/li>\n<li>Transrectal \/ Transvaginal<br \/>\no endovaginal<\/li>\n<li>Eco 4D<\/li>\n<li>Scan Fetal detallado<\/li>\n<\/ul>\n<p>[\/vc_column_text][\/vc_column_inner][vc_column_inner width=&#8221;1\/2&#8243;]<h3 class=\"box-header\">Ecograf\u00eda Doppler<\/h3>[vc_column_text css_animation=&#8221;fadeIn&#8221;]<\/p>\n<ul>\n<li>Doppler Card\u00edaco<br \/>\nAdulto y Pedi\u00e1trico<\/li>\n<li>Doppler Vascular Perisf\u00e9rico<\/li>\n<li>Doppler Carotideo<\/li>\n<li>Doppler Obst\u00e9trico<\/li>\n<li>Doppler Especiales<br \/>\n&#8211; Renal<br \/>\n&#8211; Hep\u00e1tico<br \/>\n&#8211; Tiroideo<br \/>\n&#8211; Mamario<br \/>\n&#8211; Testicular<br \/>\n&#8211; Ginecol\u00f3gico, etc<\/li>\n<\/ul>\n<p>[\/vc_column_text][\/vc_column_inner][\/vc_row_inner][\/vc_column][\/vc_row]<\/p>\n","protected":false},"excerpt":{"rendered":"<p>[vc_row][vc_column width=&#8221;1\/2&#8243;][vc_single_image image=&#8221;4009&#8243; img_size=&#8221;full&#8221; css_animation=&#8221;fadeIn&#8221; css=&#8221;.vc_custom_1595281380963{border-right-width: 0px !important;}&#8221;][\/vc_column][vc_column width=&#8221;1\/2&#8243;][vc_row_inner][vc_column_inner width=&#8221;1\/2&#8243;][vc_column_text css_animation=&#8221;fadeIn&#8221;] Convencionales &#8211; Ginecol\u00f3gica &#8211; Obst\u00e9trica &#8211; Mamaria, etc Cadera Transrectal \/ Transvaginal o endovaginal Eco 4D Scan Fetal detallado [\/vc_column_text][\/vc_column_inner][vc_column_inner width=&#8221;1\/2&#8243;][vc_column_text css_animation=&#8221;fadeIn&#8221;] Doppler Card\u00edaco Adulto y Pedi\u00e1trico Doppler Vascular Perisf\u00e9rico Doppler Carotideo Doppler Obst\u00e9trico Doppler Especiales &#8211; Renal &#8211; Hep\u00e1tico &#8211; Tiroideo &#8211; Mamario<\/p>\n","protected":false},"author":1,"featured_media":0,"parent":0,"menu_order":0,"comment_status":"closed","ping_status":"closed","template":"template-default-without-breadcrumbs.php","meta":{"footnotes":""},"class_list":["post-4058","page","type-page","status-publish","hentry"],"_links":{"self":[{"href":"https:\/\/yrigoyencdi.com.ar\/en\/wp-json\/wp\/v2\/pages\/4058","targetHints":{"allow":["GET"]}}],"collection":[{"href":"https:\/\/yrigoyencdi.com.ar\/en\/wp-json\/wp\/v2\/pages"}],"about":[{"href":"https:\/\/yrigoyencdi.com.ar\/en\/wp-json\/wp\/v2\/types\/page"}],"author":[{"embeddable":true,"href":"https:\/\/yrigoyencdi.com.ar\/en\/wp-json\/wp\/v2\/users\/1"}],"replies":[{"embeddable":true,"href":"https:\/\/yrigoyencdi.com.ar\/en\/wp-json\/wp\/v2\/comments?post=4058"}],"version-history":[{"count":3,"href":"https:\/\/yrigoyencdi.com.ar\/en\/wp-json\/wp\/v2\/pages\/4058\/revisions"}],"predecessor-version":[{"id":4072,"href":"https:\/\/yrigoyencdi.com.ar\/en\/wp-json\/wp\/v2\/pages\/4058\/revisions\/4072"}],"wp:attachment":[{"href":"https:\/\/yrigoyencdi.com.ar\/en\/wp-json\/wp\/v2\/media?parent=4058"}],"curies":[{"name":"wp","href":"https:\/\/api.w.org\/{rel}","templated":true}]}}