{"id":4067,"date":"2020-07-20T18:34:16","date_gmt":"2020-07-20T21:34:16","guid":{"rendered":"http:\/\/yrigoyencdi.com.ar\/?page_id=4067"},"modified":"2020-07-20T18:36:55","modified_gmt":"2020-07-20T21:36:55","slug":"mamografia-digital","status":"publish","type":"page","link":"https:\/\/yrigoyencdi.com.ar\/en\/mamografia-digital\/","title":{"rendered":"MAMOGRAF\u00cdA DIGITAL"},"content":{"rendered":"<p>[vc_row][vc_column width=&#8221;1\/2&#8243;][vc_single_image image=&#8221;4008&#8243; img_size=&#8221;full&#8221;][\/vc_column][vc_column width=&#8221;1\/2&#8243;]<h2 class=\"box-header large margin-top-30 no-border\">Mamograf\u00eda Digital<\/h2>[vc_column_text]<\/p>\n<ul>\n<li>Magnificaci\u00f3n<\/li>\n<li>T\u00e9cnica de Eklund<\/li>\n<li>En Perfil Estricto<\/li>\n<li>Focalizada<\/li>\n<li>Bilateral con<br \/>\nprolongaci\u00f3n axilar<\/li>\n<\/ul>\n<p>[\/vc_column_text][\/vc_column][\/vc_row]<\/p>\n","protected":false},"excerpt":{"rendered":"<p>[vc_row][vc_column width=&#8221;1\/2&#8243;][vc_single_image image=&#8221;4008&#8243; img_size=&#8221;full&#8221;][\/vc_column][vc_column width=&#8221;1\/2&#8243;][vc_column_text] Magnificaci\u00f3n T\u00e9cnica de Eklund En Perfil Estricto Focalizada Bilateral con prolongaci\u00f3n axilar [\/vc_column_text][\/vc_column][\/vc_row]<\/p>\n","protected":false},"author":1,"featured_media":0,"parent":0,"menu_order":0,"comment_status":"closed","ping_status":"closed","template":"template-default-without-breadcrumbs.php","meta":{"footnotes":""},"class_list":["post-4067","page","type-page","status-publish","hentry"],"_links":{"self":[{"href":"https:\/\/yrigoyencdi.com.ar\/en\/wp-json\/wp\/v2\/pages\/4067","targetHints":{"allow":["GET"]}}],"collection":[{"href":"https:\/\/yrigoyencdi.com.ar\/en\/wp-json\/wp\/v2\/pages"}],"about":[{"href":"https:\/\/yrigoyencdi.com.ar\/en\/wp-json\/wp\/v2\/types\/page"}],"author":[{"embeddable":true,"href":"https:\/\/yrigoyencdi.com.ar\/en\/wp-json\/wp\/v2\/users\/1"}],"replies":[{"embeddable":true,"href":"https:\/\/yrigoyencdi.com.ar\/en\/wp-json\/wp\/v2\/comments?post=4067"}],"version-history":[{"count":1,"href":"https:\/\/yrigoyencdi.com.ar\/en\/wp-json\/wp\/v2\/pages\/4067\/revisions"}],"predecessor-version":[{"id":4068,"href":"https:\/\/yrigoyencdi.com.ar\/en\/wp-json\/wp\/v2\/pages\/4067\/revisions\/4068"}],"wp:attachment":[{"href":"https:\/\/yrigoyencdi.com.ar\/en\/wp-json\/wp\/v2\/media?parent=4067"}],"curies":[{"name":"wp","href":"https:\/\/api.w.org\/{rel}","templated":true}]}}