{"id":5042,"date":"2023-07-07T10:23:01","date_gmt":"2023-07-07T13:23:01","guid":{"rendered":"https:\/\/yrigoyencdi.com.ar\/?page_id=5042"},"modified":"2023-07-11T12:56:48","modified_gmt":"2023-07-11T15:56:48","slug":"indicaciones-estudios","status":"publish","type":"page","link":"https:\/\/yrigoyencdi.com.ar\/en\/indicaciones-estudios\/","title":{"rendered":"Indicaciones de Estudios"},"content":{"rendered":"<p>[vc_row top_margin=&#8221;page-margin-top&#8221; el_position=&#8221;first last&#8221;][vc_column]<h3 class=\"box-header\">\u00bfQue necesitas para realizarte el estudio?<\/h3><ul class=\"items-list clearfix\"><\/p>\n<h2>Eleg\u00ed el estudio que tengas que hacerte y verific\u00e1 cumplir los requerimientos solicitados.<\/h2>\n<p><\/ul>[\/vc_column][\/vc_row][vc_row top_margin=&#8221;page-margin-top&#8221; el_position=&#8221;first last&#8221;][vc_column width=&#8221;2\/3&#8243;][vc_accordion][vc_accordion_tab title=&#8221;COLOCACI\u00d3N DE DIU&#8221; tab_id=&#8221;indic-diu&#8221;][vc_column_text]Para la colocaci\u00f3n de DIU, la paciente debe presentarse con test de embarazo NEGATIVO en mano.[\/vc_column_text][\/vc_accordion_tab][vc_accordion_tab title=&#8221;DENSITOMETR\u00cdA&#8221; tab_id=&#8221;indic-densitometria&#8221;][vc_column_text]La capacidad m\u00e1xima de peso es de 98 kg.[\/vc_column_text][\/vc_accordion_tab][vc_accordion_tab title=&#8221;DOPPLER CARD\u00cdACO&#8221; tab_id=&#8221;indic-doppler&#8221;][vc_column_text]Presentarse con estudios cardiol\u00f3gicos anteriores (en caso de tener).[\/vc_column_text][\/vc_accordion_tab][vc_accordion_tab title=&#8221;ECG \/ ELECTROCARDIOGRAMA DIGITAL&#8221; tab_id=&#8221;indic-ecg&#8221;][vc_column_text]Mujeres deber\u00e1n asistir con corpi\u00f1o deportivo o sin aro.<\/p>\n<p>Hombres rasurados o depilados.[\/vc_column_text][\/vc_accordion_tab][vc_accordion_tab title=&#8221;ECOCARDIOGRAMA ESTR\u00c9S (Eco Estr\u00e9s)&#8221; tab_id=&#8221;indic-ecoestres&#8221;][vc_column_text]24 HS antes de realizar ninguna actividad que acelere el coraz\u00f3n.<br \/>\nPresentarse toalla de mano.<br \/>\nComer liviano antes del estudio.<br \/>\nPresentarse con estudios o antecedentes previos en caso de tener.[\/vc_column_text][\/vc_accordion_tab][vc_accordion_tab title=&#8221;ECOGRAF\u00cdA ABDOMINAL\/ ECOGRAF\u00cdA HEPATOBILIAR\/ECOGRAF\u00cdA HEP\u00c1TICA\/ ECOGRAF\u00cdA HEPATOBILIAR PANCRE\u00c1TICA\/ECOGRAF\u00cdA RENAL&#8221; tab_id=&#8221;indic-eco1&#8243;][vc_column_text]Concurrir con 6 hs de ayuno M\u00cdNIMO.[\/vc_column_text][\/vc_accordion_tab][vc_accordion_tab title=&#8221;ECOGRAF\u00cdA MAMARIA&#8221; tab_id=&#8221;indic-ecomama&#8221;][vc_column_text]Deben traer SI O SI el estudio anterior donde indica el sector a focalizar.[\/vc_column_text][\/vc_accordion_tab][vc_accordion_tab title=&#8221;ECOGRAF\u00cdA VESICAL\/ ECOGRAF\u00cdA VESICAL CON PRM\/ ECOGRAF\u00cdA VESICO PROST\u00c1TICA\/ ECOGRAF\u00cdA GINECOL\u00d3GICA\/ ECOGRAF\u00cdA OBST\u00c9TRICA MENOR A 3 MESES&#8221; tab_id=&#8221;indic-eco2&#8243;][vc_column_text]Presentarse \u00faltima mamograf\u00eda realizada y estudios previos.[\/vc_column_text][\/vc_accordion_tab][vc_accordion_tab title=&#8221;ERGOMETR\u00cdAS&#8221; tab_id=&#8221;indic-ergometrias&#8221;][vc_column_text]24 HS antes de realizar ninguna actividad que acelere el coraz\u00f3n.<br \/>\nNo fumar.<br \/>\nNo beber alcohol ni caf\u00e9.<br \/>\nTraer toalla de mano.[\/vc_column_text][\/vc_accordion_tab][vc_accordion_tab title=&#8221;HOLTER 24 o 48 HS&#8221; tab_id=&#8221;indic-holter&#8221;][vc_column_text]No realizar ninguna actividad que acelere el coraz\u00f3n 24 hs antes.<br \/>\nHombres: Presentarse con el pecho rasurado.<br \/>\nPresentarse con 2 pilas AA (buena calidad).[\/vc_column_text][\/vc_accordion_tab][vc_accordion_tab title=&#8221;MAMOGRAF\u00cdA&#8221; tab_id=&#8221;indic-mamografia&#8221;][vc_column_text]No usar desodorante ni talco en las axilas el d\u00eda del estudio.<br \/>\nPresentarse con estudios anteriores.[\/vc_column_text][\/vc_accordion_tab][vc_accordion_tab title=&#8221;MAMOGRAF\u00cdA magnificada o focalizada&#8221; tab_id=&#8221;indic-mamografiamag&#8221;][vc_column_text]Deben traer SI O SI el estudio anterior donde indica el sector a focalizar.[\/vc_column_text][\/vc_accordion_tab][vc_accordion_tab title=&#8221;PAPANICOLAU y COLPOSCOP\u00cdA&#8221; tab_id=&#8221;indic-papanicolau&#8221;][vc_column_text]No realizarse duchas vaginales.<br \/>\nNo aplicarse ning\u00fan producto dentro de la vagina.<br \/>\nNo tener relaciones sexuales durante las 24 horas anteriores al examen.[\/vc_column_text][\/vc_accordion_tab][vc_accordion_tab title=&#8221;PRESUROMETR\u00cdAS&#8221; tab_id=&#8221;indic-presurometrias&#8221;][vc_column_text]Presentarse con 2 pilas AA (buena calidad).[\/vc_column_text][\/vc_accordion_tab][\/vc_accordion][\/vc_column][vc_column width=&#8221;1\/3&#8243;][vc_widget_sidebar sidebar_id=&#8221;sidebar-departments&#8221; el_position=&#8221;first&#8221;][vc_widget_sidebar top_margin=&#8221;page-margin-top&#8221; sidebar_id=&#8221;sidebar-departments-2&#8243; el_position=&#8221;last&#8221;][\/vc_column][vc_column][\/vc_column][\/vc_row]<\/p>\n","protected":false},"excerpt":{"rendered":"<p>[vc_row top_margin=&#8221;page-margin-top&#8221; el_position=&#8221;first last&#8221;][vc_column][\/vc_column][\/vc_row][vc_row top_margin=&#8221;page-margin-top&#8221; el_position=&#8221;first last&#8221;][vc_column width=&#8221;2\/3&#8243;][vc_accordion][vc_accordion_tab title=&#8221;COLOCACI\u00d3N DE DIU&#8221; tab_id=&#8221;indic-diu&#8221;][vc_column_text]Para la colocaci\u00f3n de DIU, la paciente debe presentarse con test de embarazo NEGATIVO en mano.[\/vc_column_text][\/vc_accordion_tab][vc_accordion_tab title=&#8221;DENSITOMETR\u00cdA&#8221; tab_id=&#8221;indic-densitometria&#8221;][vc_column_text]La capacidad m\u00e1xima de peso es de 98 kg.[\/vc_column_text][\/vc_accordion_tab][vc_accordion_tab title=&#8221;DOPPLER CARD\u00cdACO&#8221; tab_id=&#8221;indic-doppler&#8221;][vc_column_text]Presentarse con estudios cardiol\u00f3gicos anteriores (en caso de tener).[\/vc_column_text][\/vc_accordion_tab][vc_accordion_tab title=&#8221;ECG \/ ELECTROCARDIOGRAMA DIGITAL&#8221; tab_id=&#8221;indic-ecg&#8221;][vc_column_text]Mujeres deber\u00e1n asistir<\/p>\n","protected":false},"author":1,"featured_media":0,"parent":0,"menu_order":0,"comment_status":"open","ping_status":"closed","template":"","meta":{"footnotes":""},"class_list":["post-5042","page","type-page","status-publish","hentry"],"_links":{"self":[{"href":"https:\/\/yrigoyencdi.com.ar\/en\/wp-json\/wp\/v2\/pages\/5042","targetHints":{"allow":["GET"]}}],"collection":[{"href":"https:\/\/yrigoyencdi.com.ar\/en\/wp-json\/wp\/v2\/pages"}],"about":[{"href":"https:\/\/yrigoyencdi.com.ar\/en\/wp-json\/wp\/v2\/types\/page"}],"author":[{"embeddable":true,"href":"https:\/\/yrigoyencdi.com.ar\/en\/wp-json\/wp\/v2\/users\/1"}],"replies":[{"embeddable":true,"href":"https:\/\/yrigoyencdi.com.ar\/en\/wp-json\/wp\/v2\/comments?post=5042"}],"version-history":[{"count":5,"href":"https:\/\/yrigoyencdi.com.ar\/en\/wp-json\/wp\/v2\/pages\/5042\/revisions"}],"predecessor-version":[{"id":5108,"href":"https:\/\/yrigoyencdi.com.ar\/en\/wp-json\/wp\/v2\/pages\/5042\/revisions\/5108"}],"wp:attachment":[{"href":"https:\/\/yrigoyencdi.com.ar\/en\/wp-json\/wp\/v2\/media?parent=5042"}],"curies":[{"name":"wp","href":"https:\/\/api.w.org\/{rel}","templated":true}]}}